{"id":3089,"date":"2026-02-04T09:35:31","date_gmt":"2026-02-04T09:35:31","guid":{"rendered":"https:\/\/hammerslag.nl\/haftungsausschluss\/"},"modified":"2026-02-04T09:35:31","modified_gmt":"2026-02-04T09:35:31","slug":"haftungsausschluss","status":"publish","type":"page","link":"https:\/\/hammerslag.nl\/de\/haftungsausschluss\/","title":{"rendered":"Haftungsausschluss"},"content":{"rendered":"<p>Haftungsausschluss f\u00fcr Aktivit\u00e4tsbauernhof und Campingplatz Hammerslag<\/p>\n<p>Durch den Besuch dieser Website und\/oder die Nutzung der \u00fcber diese Website bereitgestellten Informationen erkl\u00e4ren Sie sich mit der Anwendbarkeit dieses Haftungsausschlusses einverstanden.<\/p>\n<p>COPYRIGHT<\/p>\n<p>Die Nutzung der Informationen auf dieser Website ist kostenlos, solange Sie diese Informationen nicht kopieren, verbreiten oder anderweitig nutzen oder missbrauchen. Sie d\u00fcrfen die Informationen auf dieser Website nur in \u00dcbereinstimmung mit den zwingenden gesetzlichen Bestimmungen weiterverwenden.<\/p>\n<p>Ohne ausdr\u00fcckliche schriftliche Genehmigung von Activity Farm und Hammerslag Campsite ist es nicht gestattet, Texte, Fotomaterial oder andere Materialien auf dieser Website zu verwenden. Das geistige Eigentum ist Eigentum von Activity Farm und Camping Hammerslag<\/p>\n<p>HAFTUNG<\/p>\n<p>Bei den auf unserer Website angegebenen Preisen bem\u00fchen wir uns, die Realit\u00e4t und die beabsichtigten Preise so sorgf\u00e4ltig wie m\u00f6glich wiederzugeben. Fehler, die in dieser Hinsicht auftreten und als Programmier- oder Tippfehler erkennbar sind, stellen niemals einen Grund f\u00fcr einen Anspruch oder eine Annahme eines Vertrages oder einer Vereinbarung mit Activities Farm und Hammerslag Campsite dar.<\/p>\n<p>Der Aktivbauernhof und Campingplatz Hammerslag bem\u00fcht sich, seine Website so aktuell wie m\u00f6glich zu halten. Sollten die Informationen oder Inhalte auf dieser Website trotz dieser Bem\u00fchungen unvollst\u00e4ndig oder falsch sein, k\u00f6nnen wir daf\u00fcr keine Haftung \u00fcbernehmen. Wenn Sie Ungenauigkeiten oder andere Auslassungen feststellen oder wenn es irgendeinen Grund f\u00fcr Zweifel gibt, bitten wir Sie, uns dies <a href=\"mailto:info@hammerslag.nl\">mitzuteilen<\/a>, damit wir gegebenenfalls Ma\u00dfnahmen ergreifen k\u00f6nnen.<\/p>\n<p>Die Informationen und\/oder Produkte auf dieser Website werden ohne jegliche Garantie und ohne Anspruch auf Richtigkeit angeboten. Wir behalten uns das Recht vor, diese Materialien ohne vorherige Ank\u00fcndigung zu \u00e4ndern, zu l\u00f6schen oder neu zu ver\u00f6ffentlichen. Der Aktivbauernhof und Campingplatz Hammerslag \u00fcbernimmt keine Haftung f\u00fcr Informationen, die auf Websites enthalten sind, auf die wir \u00fcber Hyperlinks verweisen.<\/p>\n","protected":false},"excerpt":{"rendered":"<p>Haftungsausschluss f\u00fcr Aktivit\u00e4tsbauernhof und Campingplatz Hammerslag Durch den Besuch dieser Website und\/oder die Nutzung der \u00fcber diese Website bereitgestellten Informationen erkl\u00e4ren Sie sich mit der Anwendbarkeit dieses Haftungsausschlusses einverstanden. COPYRIGHT Die Nutzung der Informationen auf dieser Website ist kostenlos, solange Sie diese Informationen nicht kopieren, verbreiten oder anderweitig nutzen oder missbrauchen. Sie d\u00fcrfen die Informationen [&hellip;]<\/p>\n","protected":false},"author":1,"featured_media":0,"parent":0,"menu_order":0,"comment_status":"closed","ping_status":"closed","template":"","meta":{"_acf_changed":false,"inline_featured_image":false,"footnotes":""},"class_list":["post-3089","page","type-page","status-publish","hentry"],"acf":[],"_links":{"self":[{"href":"https:\/\/hammerslag.nl\/de\/wp-json\/wp\/v2\/pages\/3089","targetHints":{"allow":["GET"]}}],"collection":[{"href":"https:\/\/hammerslag.nl\/de\/wp-json\/wp\/v2\/pages"}],"about":[{"href":"https:\/\/hammerslag.nl\/de\/wp-json\/wp\/v2\/types\/page"}],"author":[{"embeddable":true,"href":"https:\/\/hammerslag.nl\/de\/wp-json\/wp\/v2\/users\/1"}],"replies":[{"embeddable":true,"href":"https:\/\/hammerslag.nl\/de\/wp-json\/wp\/v2\/comments?post=3089"}],"version-history":[{"count":0,"href":"https:\/\/hammerslag.nl\/de\/wp-json\/wp\/v2\/pages\/3089\/revisions"}],"wp:attachment":[{"href":"https:\/\/hammerslag.nl\/de\/wp-json\/wp\/v2\/media?parent=3089"}],"curies":[{"name":"wp","href":"https:\/\/api.w.org\/{rel}","templated":true}]}}