{"id":3213,"date":"2026-01-19T11:46:00","date_gmt":"2026-01-19T11:46:00","guid":{"rendered":"https:\/\/hammerslag.nl\/datenschutzrichtlinie-2024\/"},"modified":"2026-03-26T13:59:01","modified_gmt":"2026-03-26T13:59:01","slug":"datenschutzrichtlinie-2024","status":"publish","type":"page","link":"https:\/\/hammerslag.nl\/de\/datenschutzrichtlinie-2024\/","title":{"rendered":"Datenschutzrichtlinie 2024"},"content":{"rendered":"<div id=\"left-area\">\n<article id=\"post-1190\" class=\"post-1190 page type-page status-publish hentry\">\n<div class=\"entry-content\">\n<p><strong>Datenschutzrichtlinie 2024<\/strong><\/p>\n<p>Verantwortlich f\u00fcr die Datenverarbeitung ist der Aktivbauernhof und Campingplatz Hammerslag. In dieser Datenschutzerkl\u00e4rung wird erl\u00e4utert, welche pers\u00f6nlichen Daten gesammelt und verwendet werden und zu welchem Zweck. Wir empfehlen Ihnen, sie sorgf\u00e4ltig zu lesen.<\/p>\n<p><strong>Verwendung pers\u00f6nlicher Daten<br \/>\n<\/strong>Pers\u00f6nliche Daten (die \u00fcber diese Website erhoben werden) werden von Activity Farm und Hammerslag Campsite nur f\u00fcr den Zweck verwendet, f\u00fcr den Sie sie hinterlassen haben. Dazu geh\u00f6ren auch die Fragen und\/oder Bemerkungen, die Sie \u00fcber das Kontaktformular gestellt haben. Der Aktivit\u00e4tsbauernhof und Campingplatz Hammerslag h\u00e4lt sich dabei an die Anforderungen des Gesetzes zum Schutz personenbezogener Daten. Sie k\u00f6nnen das Gesetz zum Schutz personenbezogener Daten auf <a href=\"http:\/\/wetten.overheid.nl\/BWBR0011468\/2018-05-01\" target=\"_blank\" rel=\"noopener\">Overheid.nl<\/a> einsehen oder herunterladen.<\/p>\n<p><strong>Wie behandelt der Aktivit\u00e4tsbauernhof und Camping Hammerslag Ihre pers\u00f6nlichen Daten?<\/strong><br \/>\nPersonenbezogene Daten werden nicht l\u00e4nger aufbewahrt, als f\u00fcr den Zweck, f\u00fcr den sie erhoben wurden, erforderlich ist. F\u00fcr jede Verarbeitung personenbezogener Daten werden nur die Daten verwendet, die Sie selbst aktiv hinterlassen haben.<\/p>\n<p><strong>Besucherdaten<\/strong><br \/>\nAllgemeine Besucherdaten werden auf der Website gespeichert. Aktivit\u00e4tsbauernhof und Campingplatz Hammerslag verwendet diese Daten nur, um die Statistiken auf der Website zu betrachten und die Website weiter anzupassen. Aktivit\u00e4ten Bauernhof und Campingplatz Hammerslag stellt sicher, dass diese Daten anonymisiert und nicht an Dritte weitergegeben werden.<\/p>\n<p><strong>Google Analytics<\/strong><br \/>\nAktivit\u00e4tsbauernhof und Campingplatz Hammerslag verwendet Google Analytics, um zu verfolgen, wie Benutzer die Website nutzen und wie die Website gefunden wird (z.B. welche Schl\u00fcsselw\u00f6rter in verschiedenen Suchmaschinen verwendet werden). Der Aktivit\u00e4tsbauernhof und Campingplatz Hammerslag nutzt Google Analytics auch, um die Website an die Bed\u00fcrfnisse der Besucher anzupassen. Die gewonnenen Informationen, einschlie\u00dflich der IP-Adresse, werden an und von Google \u00fcbertragen. Bitte lesen Sie die Datenschutzbestimmungen von Google f\u00fcr weitere Informationen und die speziellen Datenschutzbestimmungen von Google Analytics. Google verwendet diese Informationen, um zu verfolgen, wie die Website genutzt wird, und um Berichte \u00fcber die Website an Activity Farm und Camping Hammerslag zu senden. Google kann diese Informationen an Dritte weitergeben, wenn Google gesetzlich dazu verpflichtet ist oder soweit diese Dritten die Informationen im Auftrag von Google verarbeiten. Hierauf haben wir keinen Einfluss. Wir haben Google nicht gestattet, die erhaltenen Analysedaten f\u00fcr andere Google-Dienste zu verwenden.<\/p>\n<p><strong>Instagram und Facebook<\/strong><strong><br \/>\n<\/strong>Diese Website enth\u00e4lt Schaltfl\u00e4chen zum Bewerben oder Teilen von Seiten in sozialen Netzwerken wie Facebook. Diese Schaltfl\u00e4chen werden durch einen Code realisiert, der von Facebook selbst bereitgestellt wird. Dieser Code platziert unter anderem ein Cookie. Bitte lesen Sie die Datenschutzerkl\u00e4rung von Facebook, um zu erfahren, was sie mit den pers\u00f6nlichen Daten machen, die sie mit diesem Code verarbeiten.<\/p>\n<p><strong>Was sind personenbezogene Daten?<\/strong><br \/>\nPersonenbezogene Daten sind Informationen, die zu einer Person zur\u00fcckverfolgt werden k\u00f6nnen. Ein Beispiel f\u00fcr personenbezogene Daten ist ein Name oder eine Privatadresse, aber auch E-Mail-Adressen k\u00f6nnen personenbezogene Daten sein.<\/p>\n<p>F\u00fcr Beschwerden, Kommentare oder bei Hinweisen auf Inhalte, die gegen gesetzliche Bestimmungen versto\u00dfen oder Rechte Dritter verletzen, wenden Sie sich bitte per E-Mail an <a href=\"mailto:info@hammerslag.nl\">info@hammerslag.nl.<\/a><\/p>\n<p><strong>Aufnahme in die Beziehungsdatei<\/strong><br \/>\nWenn Sie es w\u00fcnschen, kann Activity Farm and Camping Hammerslag Ihre Angaben in seine Beziehungsdatei aufnehmen. \u00dcbrigens haben Sie immer die M\u00f6glichkeit, die Wahl zu \u00e4ndern, ob Sie zus\u00e4tzliche Informationen senden m\u00f6chten oder nicht.<\/p>\n<p>Gem\u00e4\u00df dem Datenschutzgesetz haben Sie das Recht, auf Ihre eigenen Daten zuzugreifen.<\/p>\n<p>Mit Ihrer Registrierung erkl\u00e4ren Sie sich mit dem oben Gesagten einverstanden.<\/p>\n<p>Achtung: Sie bleiben zu jeder Zeit f\u00fcr Ihre pers\u00f6nlichen Daten verantwortlich. Das bedeutet, dass Sie alle \u00c4nderungen (z. B. Adress- oder E-Mail-\u00c4nderungen) selbst aktualisieren m\u00fcssen.<\/p>\n<p><strong>Widerspruchsrecht und andere Rechte<\/strong><\/p>\n<p>Sie haben gegebenenfalls das Recht, gegen die Verarbeitung Ihrer personenbezogenen Daten durch oder im Namen von Activity Farm and Hammerslag Campsite Widerspruch einzulegen. Wenn Sie Widerspruch einlegen, wird der Aktivit\u00e4tsbauernhof und Campingplatz Hammerslag die Verarbeitung Ihrer personenbezogenen Daten unverz\u00fcglich einstellen, bis die Bearbeitung Ihres Widerspruchs abgeschlossen ist. Wenn Ihr Widerspruch begr\u00fcndet ist, wird der Aktivit\u00e4tsbauernhof und Campingplatz Hammerslag Ihnen Kopien und\/oder Abschriften der von ihm verarbeiteten Daten zur Verf\u00fcgung stellen und dann die Verarbeitung endg\u00fcltig einstellen.<\/p>\n<p><strong>Beh\u00f6rde f\u00fcr personenbezogene Daten<\/strong><strong><br \/>\n<\/strong>Nat\u00fcrlich helfen wir Ihnen gerne, wenn Sie Beschwerden \u00fcber die Verarbeitung Ihrer personenbezogenen Daten haben. Gem\u00e4\u00df den Datenschutzgesetzen haben Sie auch das Recht, bei der Datenschutzbeh\u00f6rde eine Beschwerde gegen die Verarbeitung personenbezogener Daten einzureichen. Zu diesem Zweck k\u00f6nnen Sie sich an die Datenschutzbeh\u00f6rde wenden.<\/p>\n<p><strong>Kontaktangaben<\/strong><\/p>\n<p>Aktivit\u00e4tsbauernhof und Campingplatz Hammerslag<br \/>\nWeardebuorsterwei 2<br \/>\n9295 LC Westergeest<br \/>\nE-Mail: <a href=\"mailto:info@hammerslag.nl\">info@hammerslag.nl<\/a><br \/>\nTel: 0511-445474<\/p>\n<\/div>\n<\/article>\n<\/div>\n<div id=\"sidebar\">\n<div id=\"search-2\" class=\"et_pb_widget widget_search\"><\/div>\n<\/div>\n","protected":false},"excerpt":{"rendered":"<p>Datenschutzrichtlinie 2024 Verantwortlich f\u00fcr die Datenverarbeitung ist der Aktivbauernhof und Campingplatz Hammerslag. In dieser Datenschutzerkl\u00e4rung wird erl\u00e4utert, welche pers\u00f6nlichen Daten gesammelt und verwendet werden und zu welchem Zweck. Wir empfehlen Ihnen, sie sorgf\u00e4ltig zu lesen. Verwendung pers\u00f6nlicher Daten Pers\u00f6nliche Daten (die \u00fcber diese Website erhoben werden) werden von Activity Farm und Hammerslag Campsite nur f\u00fcr [&hellip;]<\/p>\n","protected":false},"author":1,"featured_media":0,"parent":0,"menu_order":0,"comment_status":"closed","ping_status":"open","template":"","meta":{"_acf_changed":false,"inline_featured_image":false,"footnotes":""},"class_list":["post-3213","page","type-page","status-publish","hentry"],"acf":[],"_links":{"self":[{"href":"https:\/\/hammerslag.nl\/de\/wp-json\/wp\/v2\/pages\/3213","targetHints":{"allow":["GET"]}}],"collection":[{"href":"https:\/\/hammerslag.nl\/de\/wp-json\/wp\/v2\/pages"}],"about":[{"href":"https:\/\/hammerslag.nl\/de\/wp-json\/wp\/v2\/types\/page"}],"author":[{"embeddable":true,"href":"https:\/\/hammerslag.nl\/de\/wp-json\/wp\/v2\/users\/1"}],"replies":[{"embeddable":true,"href":"https:\/\/hammerslag.nl\/de\/wp-json\/wp\/v2\/comments?post=3213"}],"version-history":[{"count":1,"href":"https:\/\/hammerslag.nl\/de\/wp-json\/wp\/v2\/pages\/3213\/revisions"}],"predecessor-version":[{"id":3892,"href":"https:\/\/hammerslag.nl\/de\/wp-json\/wp\/v2\/pages\/3213\/revisions\/3892"}],"wp:attachment":[{"href":"https:\/\/hammerslag.nl\/de\/wp-json\/wp\/v2\/media?parent=3213"}],"curies":[{"name":"wp","href":"https:\/\/api.w.org\/{rel}","templated":true}]}}