{"id":3054,"date":"2026-02-05T12:00:48","date_gmt":"2026-02-05T12:00:48","guid":{"rendered":"https:\/\/hammerslag.nl\/reservation-annulee\/"},"modified":"2026-03-26T13:28:17","modified_gmt":"2026-03-26T13:28:17","slug":"reservation-annulee","status":"publish","type":"page","link":"https:\/\/hammerslag.nl\/fr\/confirmation-de-reservation\/reservation-annulee\/","title":{"rendered":"R\u00e9servation annul\u00e9e"},"content":{"rendered":"<p>Votre r\u00e9servation a \u00e9t\u00e9 annul\u00e9e.<\/p>\n","protected":false},"excerpt":{"rendered":"<p>Votre r\u00e9servation a \u00e9t\u00e9 annul\u00e9e.<\/p>\n","protected":false},"author":1,"featured_media":0,"parent":3060,"menu_order":0,"comment_status":"closed","ping_status":"closed","template":"","meta":{"_acf_changed":false,"inline_featured_image":false,"footnotes":""},"class_list":["post-3054","page","type-page","status-publish","hentry"],"acf":[],"_links":{"self":[{"href":"https:\/\/hammerslag.nl\/fr\/wp-json\/wp\/v2\/pages\/3054","targetHints":{"allow":["GET"]}}],"collection":[{"href":"https:\/\/hammerslag.nl\/fr\/wp-json\/wp\/v2\/pages"}],"about":[{"href":"https:\/\/hammerslag.nl\/fr\/wp-json\/wp\/v2\/types\/page"}],"author":[{"embeddable":true,"href":"https:\/\/hammerslag.nl\/fr\/wp-json\/wp\/v2\/users\/1"}],"replies":[{"embeddable":true,"href":"https:\/\/hammerslag.nl\/fr\/wp-json\/wp\/v2\/comments?post=3054"}],"version-history":[{"count":1,"href":"https:\/\/hammerslag.nl\/fr\/wp-json\/wp\/v2\/pages\/3054\/revisions"}],"predecessor-version":[{"id":3062,"href":"https:\/\/hammerslag.nl\/fr\/wp-json\/wp\/v2\/pages\/3054\/revisions\/3062"}],"up":[{"embeddable":true,"href":"https:\/\/hammerslag.nl\/fr\/wp-json\/wp\/v2\/pages\/3060"}],"wp:attachment":[{"href":"https:\/\/hammerslag.nl\/fr\/wp-json\/wp\/v2\/media?parent=3054"}],"curies":[{"name":"wp","href":"https:\/\/api.w.org\/{rel}","templated":true}]}}