{"id":3088,"date":"2026-02-04T09:35:31","date_gmt":"2026-02-04T09:35:31","guid":{"rendered":"https:\/\/hammerslag.nl\/clause-de-non-responsabilite\/"},"modified":"2026-03-26T13:28:14","modified_gmt":"2026-03-26T13:28:14","slug":"clause-de-non-responsabilite","status":"publish","type":"page","link":"https:\/\/hammerslag.nl\/fr\/clause-de-non-responsabilite\/","title":{"rendered":"Clause de non-responsabilit\u00e9"},"content":{"rendered":"<p>Disclaimer pour la ferme d&rsquo;activit\u00e9s et le camping Hammerslag<\/p>\n<p>En visitant ce site web et\/ou en utilisant les informations fournies par ce site web, vous d\u00e9clarez accepter l&rsquo;applicabilit\u00e9 de cette clause de non-responsabilit\u00e9.<\/p>\n<p>COPYRIGHT<\/p>\n<p>L&rsquo;utilisation des informations contenues dans ce site est gratuite tant que vous ne les copiez pas, ne les distribuez pas et n&rsquo;en faites pas un usage abusif. Vous ne pouvez r\u00e9utiliser les informations contenues dans ce site web qu&rsquo;en conformit\u00e9 avec les dispositions du droit imp\u00e9ratif.<\/p>\n<p>Sans l&rsquo;autorisation \u00e9crite explicite d&rsquo;Activity Farm et de Hammerslag Campsite, il n&rsquo;est pas permis d&rsquo;utiliser du texte, du mat\u00e9riel photo ou d&rsquo;autres mat\u00e9riaux sur ce site web. La propri\u00e9t\u00e9 intellectuelle est d\u00e9tenue par Activity Farm et Camping Hammerslag.<\/p>\n<p>PASSIF<\/p>\n<p>En ce qui concerne les prix indiqu\u00e9s sur notre site web, nous nous effor\u00e7ons de refl\u00e9ter le plus fid\u00e8lement possible la r\u00e9alit\u00e9 et les prix pr\u00e9vus. Les erreurs survenant \u00e0 cet \u00e9gard et reconnaissables comme des erreurs de programmation ou de frappe ne constituent jamais une raison de r\u00e9clamer ou de supposer un contrat ou un accord avec Activities Farm et Hammerslag Campsite.<\/p>\n<p>La ferme d&rsquo;activit\u00e9s et le camping Hammerslag s&rsquo;efforcent de maintenir leur site Internet le plus \u00e0 jour possible. Si, malgr\u00e9 ces efforts, les informations ou le contenu de ce site Web s&rsquo;av\u00e9raient incomplets ou incorrects, nous ne pourrions en \u00eatre tenus responsables. Si vous constatez des inexactitudes ou d&rsquo;autres omissions, ou si vous avez des doutes, nous vous demandons de nous les <a href=\"mailto:info@hammerslag.nl\">signaler<\/a> afin que nous puissions prendre les mesures qui s&rsquo;imposent.<\/p>\n<p>Les informations et\/ou les produits figurant sur ce site sont propos\u00e9s sans aucune garantie ni pr\u00e9tention d&rsquo;exactitude. Nous nous r\u00e9servons le droit de modifier, de supprimer ou de r\u00e9afficher ce mat\u00e9riel sans pr\u00e9avis. La ferme d&rsquo;activit\u00e9s et le camping Hammerslag d\u00e9clinent toute responsabilit\u00e9 quant \u00e0 l&rsquo;information contenue dans les sites web auxquels nous renvoyons par le biais d&rsquo;hyperliens.<\/p>\n","protected":false},"excerpt":{"rendered":"<p>Disclaimer pour la ferme d&rsquo;activit\u00e9s et le camping Hammerslag En visitant ce site web et\/ou en utilisant les informations fournies par ce site web, vous d\u00e9clarez accepter l&rsquo;applicabilit\u00e9 de cette clause de non-responsabilit\u00e9. COPYRIGHT L&rsquo;utilisation des informations contenues dans ce site est gratuite tant que vous ne les copiez pas, ne les distribuez pas et [&hellip;]<\/p>\n","protected":false},"author":1,"featured_media":0,"parent":0,"menu_order":0,"comment_status":"closed","ping_status":"closed","template":"","meta":{"_acf_changed":false,"inline_featured_image":false,"footnotes":""},"class_list":["post-3088","page","type-page","status-publish","hentry"],"acf":[],"_links":{"self":[{"href":"https:\/\/hammerslag.nl\/fr\/wp-json\/wp\/v2\/pages\/3088","targetHints":{"allow":["GET"]}}],"collection":[{"href":"https:\/\/hammerslag.nl\/fr\/wp-json\/wp\/v2\/pages"}],"about":[{"href":"https:\/\/hammerslag.nl\/fr\/wp-json\/wp\/v2\/types\/page"}],"author":[{"embeddable":true,"href":"https:\/\/hammerslag.nl\/fr\/wp-json\/wp\/v2\/users\/1"}],"replies":[{"embeddable":true,"href":"https:\/\/hammerslag.nl\/fr\/wp-json\/wp\/v2\/comments?post=3088"}],"version-history":[{"count":1,"href":"https:\/\/hammerslag.nl\/fr\/wp-json\/wp\/v2\/pages\/3088\/revisions"}],"predecessor-version":[{"id":3865,"href":"https:\/\/hammerslag.nl\/fr\/wp-json\/wp\/v2\/pages\/3088\/revisions\/3865"}],"wp:attachment":[{"href":"https:\/\/hammerslag.nl\/fr\/wp-json\/wp\/v2\/media?parent=3088"}],"curies":[{"name":"wp","href":"https:\/\/api.w.org\/{rel}","templated":true}]}}